{"id":365,"date":"2023-12-10T10:19:27","date_gmt":"2023-12-10T09:19:27","guid":{"rendered":"https:\/\/jeliquidemaboite.com\/?page_id=365"},"modified":"2025-02-05T19:54:17","modified_gmt":"2025-02-05T18:54:17","slug":"mentions-legales","status":"publish","type":"page","link":"https:\/\/jeliquidemaboite.com\/index.php\/mentions-legales\/","title":{"rendered":"Mentions l\u00e9gales"},"content":{"rendered":"\n<p>CMF AIX SAS &#8211; CMF Conseil &amp; Expertise<\/p>\n\n\n\n<p>Soci\u00e9t\u00e9 d\u2019expertise comptable au capital de 1 000\u20ac<\/p>\n\n\n\n<p>Inscrite au tableau de l\u2019Ordre de Marseille sous le num\u00e9ro 10 00011207 01<\/p>\n\n\n\n<p>Si\u00e8ge&nbsp;:<\/p>\n\n\n\n<p>865 AVENUE DE BRUXELLES 83500 LA SEYNE-SUR-MER<\/p>\n\n\n\n<p>SIRET&nbsp;: 887 880 888<\/p>\n\n\n\n<p><a href=\"http:\/\/www.cmfconseil.com\/\" target=\"_blank\" rel=\"noreferrer noopener nofollow\">www.cmfconseil.com<\/a><\/p>\n\n\n\n<p>Tel : 04 94 01 26 26<\/p>\n\n\n\n<p><strong>Protection des donn\u00e9es personnelles<\/strong><\/p>\n\n\n\n<p>Conform\u00e9ment \u00e0 l\u2019article 39 de la loi \u201cInformatique et Libert\u00e9s\u201d 3, l\u2019utilisateur dispose de droits sur les donn\u00e9es personnelles le concernant. Pour en savoir plus sur l\u2019usage effectu\u00e9 sur ces donn\u00e9es et les modalit\u00e9s d\u2019exercice de ces droits, l\u2019utilisateur est invit\u00e9 \u00e0 s\u2019adresser par courriel \u00e0 contact@cmfconseil.com<\/p>\n\n\n\n<p>Les utilisateurs du site Internet&nbsp;www.jeliquidemaboite.com sont invit\u00e9s \u00e0 faire conna\u00eetre \u00e0 CMF Conseil &amp; Expertise leurs remarques sur d\u2019\u00e9ventuels dysfonctionnements du site, au regard des libert\u00e9s individuelles, \u00e0 l\u2019une ou l\u2019autre des adresses indiqu\u00e9es ci-avant.<\/p>\n\n\n\n<p><strong>Propri\u00e9t\u00e9 intellectuelle<\/strong><\/p>\n\n\n\n<p>Toute reproduction int\u00e9grale ou partielle, par quelque proc\u00e9d\u00e9 que ce soit, faite sans le consentement pr\u00e9alable et \u00e9crit de CMF Conseil &amp; Expertise est illicite et constitue une contrefa\u00e7on donnant lieu \u00e0 des sanctions p\u00e9nales.<\/p>\n\n\n\n<p>Conform\u00e9ment aux dispositions de la loi n 98-536 du 1er juillet 1998, portant transposition dans le Code de la propri\u00e9t\u00e9 intellectuelle de la directive 96\/9\/CE du 11 mars 1996, concernant la protection juridique des bases de donn\u00e9es, CMF Conseil &amp; Expertise est producteur de sa base de donn\u00e9es, accessible sur le pr\u00e9sent site, et dont elle est seule propri\u00e9taire.<\/p>\n\n\n\n<p>En acc\u00e9dant au pr\u00e9sent site, vous reconnaissez que les donn\u00e9es le composant sont l\u00e9galement prot\u00e9g\u00e9es et, conform\u00e9ment aux dispositions de la loi du 1er juillet 1998, vous vous interdisez notamment d\u2019extraire, r\u00e9utiliser, stocker, reproduire, repr\u00e9senter ou conserver, directement ou indirectement, sur un support quelconque, par tout moyen et sous toute forme que ce soit, tout ou partie qualitativement ou quantitativement substantielle du site auquel vous acc\u00e9dez ainsi que d\u2019en faire l\u2019extraction ou la r\u00e9utilisation r\u00e9p\u00e9t\u00e9e et syst\u00e9matique de parties qualitativement et&nbsp;quantitativement non substantielles lorsque ces op\u00e9rations exc\u00e8dent manifestement les conditions d\u2019utilisation normales.<\/p>\n\n\n\n<p><strong>Messagerie<\/strong><\/p>\n\n\n\n<p>Les messages envoy\u00e9s sur le r\u00e9seau internet peuvent \u00eatre intercept\u00e9s. Ne divulguez pas d\u2019informations personnelles inutiles ou sensibles. Si vous souhaitez nous communiquer de telles informations, utilisez la voie postale.<\/p>\n\n\n\n<p>Les messages \u00e9lectroniques envoy\u00e9s \u00e0 CMF Conseil &amp; Expertise et les adresses \u00e9lectroniques utilis\u00e9es dans les formulaires sont conserv\u00e9es pour utilisation par CMF Conseil &amp; Expertise, sauf avis contraire de votre part.<\/p>\n\n\n\n<p><strong>Droit de la consommation et avis en ligne<\/strong><\/p>\n\n\n\n<p>Les clients CMF Conseil &amp; Expertise peuvent solliciter la collaboratrice charg\u00e9e de la Satisfaction Client en cas de litige intervenant avant, pendant ou apr\u00e8s la souscription d\u2019une lettre de mission d\u2019expertise comptable.<\/p>\n\n\n\n<p>CMF Conseil &amp; Expertise attire l\u2019attention des visiteurs sur le fait les avis en ligne publi\u00e9s sur le site et sur les sites d\u2019avis autoris\u00e9s par l\u2019entreprise sont d\u00e9pos\u00e9s librement par leurs auteurs, ne sont pas modifi\u00e9s ni rejet\u00e9es et sont dat\u00e9s.<\/p>\n\n\n\n<p>&nbsp;<strong>Limites concernant les contenus pr\u00e9sents sur notre site<\/strong><\/p>\n\n\n\n<p>Nous nous effor\u00e7ons de vous offrir sur notre site l\u2019information la plus fiable et actualis\u00e9e qui soit. Cependant, les lois et les r\u00e8glementations sont sujettes \u00e0 de fr\u00e9quentes modifications ;&nbsp; des erreurs ou omissions peuvent donc survenir.<\/p>\n\n\n\n<p>Les informations, donn\u00e9es et analyses contenues sur le site ne peuvent en aucun cas \u00eatre assimil\u00e9es \u00e0 des prestations de service ou \u00e0 des conseils rendus par leurs auteurs.<\/p>\n\n\n\n<p>Aussi, elles ne peuvent \u00eatre utilis\u00e9es comme un substitut \u00e0 un une consultation rendu par une personne professionnellement comp\u00e9tente.<\/p>\n\n\n\n<p>De ce fait, les utilisateurs sont vivement encourag\u00e9s \u00e0 prendre contact avec les professionnels de notre cabinet avant de prendre une quelconque d\u00e9cision.<\/p>\n\n\n\n<p><strong>Google Analytics<\/strong><\/p>\n\n\n\n<p>Les fonctionnalit\u00e9s de Google Analytics pour les annonceurs display sont activ\u00e9es pour sur ce site (Remarketing).<\/p>\n\n\n\n<p>Google utilise des cookies pour diffuser nos annonces sur les sites de son r\u00e9seau Display.<\/p>\n\n\n\n<p>Gr\u00e2ce au cookie DoubleClick, Google adapte les annonces diffus\u00e9es aux utilisateurs en fonction de leur navigation sur notre site.<\/p>\n\n\n\n<p>Vous pouvez d\u00e9sactiver l\u2019utilisation de cette fonctionnalit\u00e9 en vous rendant sur le gestionnaire de pr\u00e9f\u00e9rences pour les annonces. (<a href=\"https:\/\/www.google.com\/settings\/u\/0\/ads\" target=\"_blank\" rel=\"noreferrer noopener nofollow\">https:\/\/www.google.com\/settings\/u\/0\/ads<\/a>)<\/p>\n","protected":false},"excerpt":{"rendered":"<p>CMF AIX SAS &#8211; CMF Conseil &amp; Expertise Soci\u00e9t\u00e9 d\u2019expertise comptable au capital de 1 000\u20ac Inscrite au tableau de l\u2019Ordre de Marseille sous le num\u00e9ro 10 00011207 01 Si\u00e8ge&nbsp;: 865 AVENUE DE BRUXELLES 83500 LA SEYNE-SUR-MER SIRET&nbsp;: 887 880 888 www.cmfconseil.com Tel : 04 94 01 26 26 Protection des donn\u00e9es personnelles Conform\u00e9ment \u00e0 [&hellip;]<\/p>\n","protected":false},"author":1,"featured_media":0,"parent":0,"menu_order":0,"comment_status":"closed","ping_status":"closed","template":"","meta":{"footnotes":""},"class_list":["post-365","page","type-page","status-publish","hentry"],"yoast_head":"<!-- This site is optimized with the Yoast SEO plugin v27.2 - https:\/\/yoast.com\/product\/yoast-seo-wordpress\/ -->\n<title>\u2705 Mentions l\u00e9gales - JeLiquideMaBoite.com<\/title>\n<meta name=\"description\" content=\"Mentions l\u00e9gales du site internet jeliquidemaboite.com\" \/>\n<meta name=\"robots\" content=\"index, follow, max-snippet:-1, max-image-preview:large, max-video-preview:-1\" \/>\n<link rel=\"canonical\" href=\"https:\/\/jeliquidemaboite.com\/index.php\/mentions-legales\/\" \/>\n<meta property=\"og:locale\" content=\"fr_FR\" \/>\n<meta property=\"og:type\" content=\"article\" \/>\n<meta property=\"og:title\" content=\"\u2705 Mentions l\u00e9gales - JeLiquideMaBoite.com\" \/>\n<meta property=\"og:description\" content=\"Mentions l\u00e9gales du site internet jeliquidemaboite.com\" \/>\n<meta property=\"og:url\" content=\"https:\/\/jeliquidemaboite.com\/index.php\/mentions-legales\/\" \/>\n<meta property=\"og:site_name\" content=\"JeLiquideMaBoite.com\" \/>\n<meta property=\"article:modified_time\" content=\"2025-02-05T18:54:17+00:00\" \/>\n<meta name=\"twitter:card\" content=\"summary_large_image\" \/>\n<meta name=\"twitter:label1\" content=\"Dur\u00e9e de lecture estim\u00e9e\" \/>\n\t<meta name=\"twitter:data1\" content=\"4 minutes\" \/>\n<script type=\"application\/ld+json\" class=\"yoast-schema-graph\">{\"@context\":\"https:\/\/schema.org\",\"@graph\":[{\"@type\":\"WebPage\",\"@id\":\"https:\/\/jeliquidemaboite.com\/index.php\/mentions-legales\/\",\"url\":\"https:\/\/jeliquidemaboite.com\/index.php\/mentions-legales\/\",\"name\":\"\u2705 Mentions l\u00e9gales - JeLiquideMaBoite.com\",\"isPartOf\":{\"@id\":\"https:\/\/jeliquidemaboite.com\/#website\"},\"datePublished\":\"2023-12-10T09:19:27+00:00\",\"dateModified\":\"2025-02-05T18:54:17+00:00\",\"description\":\"Mentions l\u00e9gales du site internet jeliquidemaboite.com\",\"breadcrumb\":{\"@id\":\"https:\/\/jeliquidemaboite.com\/index.php\/mentions-legales\/#breadcrumb\"},\"inLanguage\":\"fr-FR\",\"potentialAction\":[{\"@type\":\"ReadAction\",\"target\":[\"https:\/\/jeliquidemaboite.com\/index.php\/mentions-legales\/\"]}]},{\"@type\":\"BreadcrumbList\",\"@id\":\"https:\/\/jeliquidemaboite.com\/index.php\/mentions-legales\/#breadcrumb\",\"itemListElement\":[{\"@type\":\"ListItem\",\"position\":1,\"name\":\"Accueil\",\"item\":\"https:\/\/jeliquidemaboite.com\/\"},{\"@type\":\"ListItem\",\"position\":2,\"name\":\"Mentions l\u00e9gales\"}]},{\"@type\":\"WebSite\",\"@id\":\"https:\/\/jeliquidemaboite.com\/#website\",\"url\":\"https:\/\/jeliquidemaboite.com\/\",\"name\":\"JeLiquideMaBoite.com\",\"description\":\"Fermer une entreprise : les documents comptables en 5 jours\u2009!\",\"potentialAction\":[{\"@type\":\"SearchAction\",\"target\":{\"@type\":\"EntryPoint\",\"urlTemplate\":\"https:\/\/jeliquidemaboite.com\/?s={search_term_string}\"},\"query-input\":{\"@type\":\"PropertyValueSpecification\",\"valueRequired\":true,\"valueName\":\"search_term_string\"}}],\"inLanguage\":\"fr-FR\"}]}<\/script>\n<!-- \/ Yoast SEO plugin. -->","yoast_head_json":{"title":"\u2705 Mentions l\u00e9gales - JeLiquideMaBoite.com","description":"Mentions l\u00e9gales du site internet jeliquidemaboite.com","robots":{"index":"index","follow":"follow","max-snippet":"max-snippet:-1","max-image-preview":"max-image-preview:large","max-video-preview":"max-video-preview:-1"},"canonical":"https:\/\/jeliquidemaboite.com\/index.php\/mentions-legales\/","og_locale":"fr_FR","og_type":"article","og_title":"\u2705 Mentions l\u00e9gales - JeLiquideMaBoite.com","og_description":"Mentions l\u00e9gales du site internet jeliquidemaboite.com","og_url":"https:\/\/jeliquidemaboite.com\/index.php\/mentions-legales\/","og_site_name":"JeLiquideMaBoite.com","article_modified_time":"2025-02-05T18:54:17+00:00","twitter_card":"summary_large_image","twitter_misc":{"Dur\u00e9e de lecture estim\u00e9e":"4 minutes"},"schema":{"@context":"https:\/\/schema.org","@graph":[{"@type":"WebPage","@id":"https:\/\/jeliquidemaboite.com\/index.php\/mentions-legales\/","url":"https:\/\/jeliquidemaboite.com\/index.php\/mentions-legales\/","name":"\u2705 Mentions l\u00e9gales - JeLiquideMaBoite.com","isPartOf":{"@id":"https:\/\/jeliquidemaboite.com\/#website"},"datePublished":"2023-12-10T09:19:27+00:00","dateModified":"2025-02-05T18:54:17+00:00","description":"Mentions l\u00e9gales du site internet jeliquidemaboite.com","breadcrumb":{"@id":"https:\/\/jeliquidemaboite.com\/index.php\/mentions-legales\/#breadcrumb"},"inLanguage":"fr-FR","potentialAction":[{"@type":"ReadAction","target":["https:\/\/jeliquidemaboite.com\/index.php\/mentions-legales\/"]}]},{"@type":"BreadcrumbList","@id":"https:\/\/jeliquidemaboite.com\/index.php\/mentions-legales\/#breadcrumb","itemListElement":[{"@type":"ListItem","position":1,"name":"Accueil","item":"https:\/\/jeliquidemaboite.com\/"},{"@type":"ListItem","position":2,"name":"Mentions l\u00e9gales"}]},{"@type":"WebSite","@id":"https:\/\/jeliquidemaboite.com\/#website","url":"https:\/\/jeliquidemaboite.com\/","name":"JeLiquideMaBoite.com","description":"Fermer une entreprise : les documents comptables en 5 jours\u2009!","potentialAction":[{"@type":"SearchAction","target":{"@type":"EntryPoint","urlTemplate":"https:\/\/jeliquidemaboite.com\/?s={search_term_string}"},"query-input":{"@type":"PropertyValueSpecification","valueRequired":true,"valueName":"search_term_string"}}],"inLanguage":"fr-FR"}]}},"_links":{"self":[{"href":"https:\/\/jeliquidemaboite.com\/index.php\/wp-json\/wp\/v2\/pages\/365","targetHints":{"allow":["GET"]}}],"collection":[{"href":"https:\/\/jeliquidemaboite.com\/index.php\/wp-json\/wp\/v2\/pages"}],"about":[{"href":"https:\/\/jeliquidemaboite.com\/index.php\/wp-json\/wp\/v2\/types\/page"}],"author":[{"embeddable":true,"href":"https:\/\/jeliquidemaboite.com\/index.php\/wp-json\/wp\/v2\/users\/1"}],"replies":[{"embeddable":true,"href":"https:\/\/jeliquidemaboite.com\/index.php\/wp-json\/wp\/v2\/comments?post=365"}],"version-history":[{"count":3,"href":"https:\/\/jeliquidemaboite.com\/index.php\/wp-json\/wp\/v2\/pages\/365\/revisions"}],"predecessor-version":[{"id":780,"href":"https:\/\/jeliquidemaboite.com\/index.php\/wp-json\/wp\/v2\/pages\/365\/revisions\/780"}],"wp:attachment":[{"href":"https:\/\/jeliquidemaboite.com\/index.php\/wp-json\/wp\/v2\/media?parent=365"}],"curies":[{"name":"wp","href":"https:\/\/api.w.org\/{rel}","templated":true}]}}