{"id":299,"date":"2023-12-05T12:32:54","date_gmt":"2023-12-05T11:32:54","guid":{"rendered":"https:\/\/jeliquidemaboite.com\/?page_id=299"},"modified":"2024-01-20T11:38:51","modified_gmt":"2024-01-20T10:38:51","slug":"le-guide-de-la-liquidation-dissolution","status":"publish","type":"page","link":"https:\/\/jeliquidemaboite.com\/index.php\/le-guide-de-la-liquidation-dissolution\/","title":{"rendered":"Le guide de la Liquidation \/ Dissolution"},"content":{"rendered":"\n<p>La dissolution amiable d&rsquo;une soci\u00e9t\u00e9 est l&rsquo;acte juridique par lequel les associ\u00e9s d\u00e9cident de <strong>mettre fin \u00e0 l&rsquo;activit\u00e9 de l&rsquo;entreprise.<\/strong><\/p>\n\n\n\n<p>Cette d\u00e9cision est g\u00e9n\u00e9ralement prise lorsqu&rsquo;ils estiment que la soci\u00e9t\u00e9 a atteint ses objectifs, n&rsquo;est plus viable ou qu&rsquo;ils souhaitent simplement mettre fin \u00e0 ses activit\u00e9s.<\/p>\n\n\n\n<p>La fermeture d&rsquo;une entreprise se d\u00e9roule en 2 \u00e9tapes :<\/p>\n\n\n\n<p><strong>1 &#8211; &nbsp;La dissolution<\/strong><\/p>\n\n\n\n<p>La 1ere \u00e9tape consiste \u00e0 r\u00e9unir les actionnaires &nbsp;en assembl\u00e9e g\u00e9n\u00e9rale extraordinaire. Lors de cette AGE, une r\u00e9solution de dissolution doit \u00eatre adopt\u00e9e. En fonction de la forme juridique de la soci\u00e9t\u00e9 (SAS, SARL, SCI,&#8230;), les r\u00e8gles de majorit\u00e9 pour d\u00e9cider de la&nbsp;dissolution&nbsp;varient. Les statuts peuvent \u00e9galement pr\u00e9voir des r\u00e8gles sp\u00e9cifiques pour l&rsquo;approbation de cette r\u00e9solution.<\/p>\n\n\n\n<p>Lors de l&rsquo;AGE de dissolution, les actionnaires doivent \u00e9galement nommer un <strong>liquidateur<\/strong>. Le liquidateur est charg\u00e9 de g\u00e9rer le processus de dissolution, de liquider les actifs de la soci\u00e9t\u00e9, de payer les dettes et de distribuer les actifs restants aux actionnaires ou aux propri\u00e9taires conform\u00e9ment \u00e0 leurs parts dans la soci\u00e9t\u00e9.<\/p>\n\n\n\n<p>La soci\u00e9t\u00e9 existe toujours au greffe mais avec la mention \u00ab&nbsp;<em>soci\u00e9t\u00e9 en liquidation<\/em>&nbsp;\u00bb<\/p>\n\n\n\n<p>Pour fermer d\u00e9finitivement l\u2019entreprise, il faut alors passer \u00e0 la seconde \u00e9tape &#8211; l\u2019\u00e9tape de liquidation.<\/p>\n\n\n\n<p>2<strong> &#8211; &nbsp;La liquidation<\/strong><\/p>\n\n\n\n<p>Durant cette p\u00e9riode de liquidation, qui peut durer plusieurs mois, le liquidateur est charg\u00e9 de <strong>vendre les actifs <\/strong>de la soci\u00e9t\u00e9, de collecter les cr\u00e9ances et de <strong>payer les dettes<\/strong> (fournisseurs, emprunts, dettes fiscales et sociales,&#8230;). Il sera \u00e9galement charg\u00e9 de cl\u00f4turer les contrats en cours (assurances, leasing,&#8230;), vendre les biens de l&rsquo;entreprise et honorer la gestion administrative de l&rsquo;entreprises.<\/p>\n\n\n\n<p>Lorsque tous les actifs ont \u00e9t\u00e9 liquides, les dettes ont \u00e9t\u00e9 pay\u00e9es, et toutes les obligations l\u00e9gales ont \u00e9t\u00e9 satisfaites, le liquidateur pr\u00e9sente<strong> les comptes de liquidation.<\/strong><\/p>\n\n\n\n<p>Il s&rsquo;agit des derniers \u00e9tats financiers de l&rsquo;entreprise. Ils comprennent :<\/p>\n\n\n\n<ul class=\"wp-block-list\">\n<li>Le bilan actif (sur lequel doit figurer uniquement la tr\u00e9sorerie)<\/li>\n\n\n\n<li>Le bilan Passif (sur lequel doit figurer les capitaux propres incluant le boni ou le mali de liquidation).<\/li>\n\n\n\n<li>Un compte de r\u00e9sultat de liquidation.<\/li>\n<\/ul>\n\n\n\n<p>D\u00e8s que les comptes de liquidation sont \u00e9tablis par votre expert comptable : <a href=\"http:\/\/www.jeliquidemaboite.com\/\"><strong>JE LIQUIDE MA BOITE.COM<\/strong><\/a>, Le liquidateur convoque les associ\u00e9s en assembl\u00e9e g\u00e9n\u00e9rale.<\/p>\n\n\n\n<p>Au cours de cette assembl\u00e9e, ils approuvent <strong>les comptes de liquidation<\/strong> ainsi que la gestion du liquidateur. Les associ\u00e9s votent enfin la cl\u00f4ture de&nbsp;la liquidation de l&rsquo;entreprise.<\/p>\n\n\n\n<p>Une fois les comptes de liquidation approuv\u00e9s, le liquidateur doit les transmettre au greffe du tribunal de commerce&nbsp;afin qu\u2019il proc\u00e8de \u00e0 la radiation d\u00e9finitive de la soci\u00e9t\u00e9 au registre du commerce et des soci\u00e9t\u00e9s.<\/p>\n\n\n\n<p class=\"has-text-align-center\"><strong>Une question sur la dissolution-liquidation ?<\/strong><\/p>\n\n\n\n<div class=\"wp-block-buttons is-content-justification-center is-layout-flex wp-container-core-buttons-is-layout-a89b3969 wp-block-buttons-is-layout-flex\">\n<div class=\"wp-block-button\"><a class=\"wp-block-button__link has-text-align-center wp-element-button\" href=\"https:\/\/jeliquidemaboite.com\/index.php\/nous-contacter\/\">Nous contacter<\/a><\/div>\n<\/div>\n","protected":false},"excerpt":{"rendered":"<p>La dissolution amiable d&rsquo;une soci\u00e9t\u00e9 est l&rsquo;acte juridique par lequel les associ\u00e9s d\u00e9cident de mettre fin \u00e0 l&rsquo;activit\u00e9 de l&rsquo;entreprise. Cette d\u00e9cision est g\u00e9n\u00e9ralement prise lorsqu&rsquo;ils estiment que la soci\u00e9t\u00e9 a atteint ses objectifs, n&rsquo;est plus viable ou qu&rsquo;ils souhaitent simplement mettre fin \u00e0 ses activit\u00e9s. La fermeture d&rsquo;une entreprise se d\u00e9roule en 2 \u00e9tapes [&hellip;]<\/p>\n","protected":false},"author":1,"featured_media":53,"parent":0,"menu_order":0,"comment_status":"closed","ping_status":"closed","template":"","meta":{"footnotes":""},"class_list":["post-299","page","type-page","status-publish","has-post-thumbnail","hentry"],"yoast_head":"<!-- This site is optimized with the Yoast SEO plugin v27.2 - https:\/\/yoast.com\/product\/yoast-seo-wordpress\/ -->\n<title>\u2705 Le guide de la Liquidation \/ Dissolution - JeLiquideMaBoite.com<\/title>\n<meta name=\"description\" content=\"La dissolution et liquidation d&#039;une entreprise implique des d\u00e9cisions cruciales et des \u00e9tapes sp\u00e9cifiques \u00e0 suivre.\" \/>\n<meta name=\"robots\" content=\"index, follow, max-snippet:-1, max-image-preview:large, max-video-preview:-1\" \/>\n<link rel=\"canonical\" href=\"https:\/\/jeliquidemaboite.com\/index.php\/le-guide-de-la-liquidation-dissolution\/\" \/>\n<meta property=\"og:locale\" content=\"fr_FR\" \/>\n<meta property=\"og:type\" content=\"article\" \/>\n<meta property=\"og:title\" content=\"\u2705 Le guide de la Liquidation \/ Dissolution - JeLiquideMaBoite.com\" \/>\n<meta property=\"og:description\" content=\"La dissolution et liquidation d&#039;une entreprise implique des d\u00e9cisions cruciales et des \u00e9tapes sp\u00e9cifiques \u00e0 suivre.\" \/>\n<meta property=\"og:url\" content=\"https:\/\/jeliquidemaboite.com\/index.php\/le-guide-de-la-liquidation-dissolution\/\" \/>\n<meta property=\"og:site_name\" content=\"JeLiquideMaBoite.com\" \/>\n<meta property=\"article:modified_time\" content=\"2024-01-20T10:38:51+00:00\" \/>\n<meta property=\"og:image\" content=\"https:\/\/jeliquidemaboite.com\/wp-content\/uploads\/2023\/12\/colibri-image-31.png\" \/>\n\t<meta property=\"og:image:width\" content=\"1920\" \/>\n\t<meta property=\"og:image:height\" content=\"1280\" \/>\n\t<meta property=\"og:image:type\" content=\"image\/png\" \/>\n<meta name=\"twitter:card\" content=\"summary_large_image\" \/>\n<meta name=\"twitter:label1\" content=\"Dur\u00e9e de lecture estim\u00e9e\" \/>\n\t<meta name=\"twitter:data1\" content=\"3 minutes\" \/>\n<script type=\"application\/ld+json\" class=\"yoast-schema-graph\">{\"@context\":\"https:\/\/schema.org\",\"@graph\":[{\"@type\":\"WebPage\",\"@id\":\"https:\/\/jeliquidemaboite.com\/index.php\/le-guide-de-la-liquidation-dissolution\/\",\"url\":\"https:\/\/jeliquidemaboite.com\/index.php\/le-guide-de-la-liquidation-dissolution\/\",\"name\":\"\u2705 Le guide de la Liquidation \/ Dissolution - JeLiquideMaBoite.com\",\"isPartOf\":{\"@id\":\"https:\/\/jeliquidemaboite.com\/#website\"},\"primaryImageOfPage\":{\"@id\":\"https:\/\/jeliquidemaboite.com\/index.php\/le-guide-de-la-liquidation-dissolution\/#primaryimage\"},\"image\":{\"@id\":\"https:\/\/jeliquidemaboite.com\/index.php\/le-guide-de-la-liquidation-dissolution\/#primaryimage\"},\"thumbnailUrl\":\"https:\/\/jeliquidemaboite.com\/wp-content\/uploads\/2023\/12\/colibri-image-31.png\",\"datePublished\":\"2023-12-05T11:32:54+00:00\",\"dateModified\":\"2024-01-20T10:38:51+00:00\",\"description\":\"La dissolution et liquidation d'une entreprise implique des d\u00e9cisions cruciales et des \u00e9tapes sp\u00e9cifiques \u00e0 suivre.\",\"breadcrumb\":{\"@id\":\"https:\/\/jeliquidemaboite.com\/index.php\/le-guide-de-la-liquidation-dissolution\/#breadcrumb\"},\"inLanguage\":\"fr-FR\",\"potentialAction\":[{\"@type\":\"ReadAction\",\"target\":[\"https:\/\/jeliquidemaboite.com\/index.php\/le-guide-de-la-liquidation-dissolution\/\"]}]},{\"@type\":\"ImageObject\",\"inLanguage\":\"fr-FR\",\"@id\":\"https:\/\/jeliquidemaboite.com\/index.php\/le-guide-de-la-liquidation-dissolution\/#primaryimage\",\"url\":\"https:\/\/jeliquidemaboite.com\/wp-content\/uploads\/2023\/12\/colibri-image-31.png\",\"contentUrl\":\"https:\/\/jeliquidemaboite.com\/wp-content\/uploads\/2023\/12\/colibri-image-31.png\",\"width\":1920,\"height\":1280},{\"@type\":\"BreadcrumbList\",\"@id\":\"https:\/\/jeliquidemaboite.com\/index.php\/le-guide-de-la-liquidation-dissolution\/#breadcrumb\",\"itemListElement\":[{\"@type\":\"ListItem\",\"position\":1,\"name\":\"Accueil\",\"item\":\"https:\/\/jeliquidemaboite.com\/\"},{\"@type\":\"ListItem\",\"position\":2,\"name\":\"Le guide de la Liquidation \/ Dissolution\"}]},{\"@type\":\"WebSite\",\"@id\":\"https:\/\/jeliquidemaboite.com\/#website\",\"url\":\"https:\/\/jeliquidemaboite.com\/\",\"name\":\"JeLiquideMaBoite.com\",\"description\":\"Fermer une entreprise : les documents comptables en 5 jours\u2009!\",\"potentialAction\":[{\"@type\":\"SearchAction\",\"target\":{\"@type\":\"EntryPoint\",\"urlTemplate\":\"https:\/\/jeliquidemaboite.com\/?s={search_term_string}\"},\"query-input\":{\"@type\":\"PropertyValueSpecification\",\"valueRequired\":true,\"valueName\":\"search_term_string\"}}],\"inLanguage\":\"fr-FR\"}]}<\/script>\n<!-- \/ Yoast SEO plugin. -->","yoast_head_json":{"title":"\u2705 Le guide de la Liquidation \/ Dissolution - JeLiquideMaBoite.com","description":"La dissolution et liquidation d'une entreprise implique des d\u00e9cisions cruciales et des \u00e9tapes sp\u00e9cifiques \u00e0 suivre.","robots":{"index":"index","follow":"follow","max-snippet":"max-snippet:-1","max-image-preview":"max-image-preview:large","max-video-preview":"max-video-preview:-1"},"canonical":"https:\/\/jeliquidemaboite.com\/index.php\/le-guide-de-la-liquidation-dissolution\/","og_locale":"fr_FR","og_type":"article","og_title":"\u2705 Le guide de la Liquidation \/ Dissolution - JeLiquideMaBoite.com","og_description":"La dissolution et liquidation d'une entreprise implique des d\u00e9cisions cruciales et des \u00e9tapes sp\u00e9cifiques \u00e0 suivre.","og_url":"https:\/\/jeliquidemaboite.com\/index.php\/le-guide-de-la-liquidation-dissolution\/","og_site_name":"JeLiquideMaBoite.com","article_modified_time":"2024-01-20T10:38:51+00:00","og_image":[{"width":1920,"height":1280,"url":"https:\/\/jeliquidemaboite.com\/wp-content\/uploads\/2023\/12\/colibri-image-31.png","type":"image\/png"}],"twitter_card":"summary_large_image","twitter_misc":{"Dur\u00e9e de lecture estim\u00e9e":"3 minutes"},"schema":{"@context":"https:\/\/schema.org","@graph":[{"@type":"WebPage","@id":"https:\/\/jeliquidemaboite.com\/index.php\/le-guide-de-la-liquidation-dissolution\/","url":"https:\/\/jeliquidemaboite.com\/index.php\/le-guide-de-la-liquidation-dissolution\/","name":"\u2705 Le guide de la Liquidation \/ Dissolution - JeLiquideMaBoite.com","isPartOf":{"@id":"https:\/\/jeliquidemaboite.com\/#website"},"primaryImageOfPage":{"@id":"https:\/\/jeliquidemaboite.com\/index.php\/le-guide-de-la-liquidation-dissolution\/#primaryimage"},"image":{"@id":"https:\/\/jeliquidemaboite.com\/index.php\/le-guide-de-la-liquidation-dissolution\/#primaryimage"},"thumbnailUrl":"https:\/\/jeliquidemaboite.com\/wp-content\/uploads\/2023\/12\/colibri-image-31.png","datePublished":"2023-12-05T11:32:54+00:00","dateModified":"2024-01-20T10:38:51+00:00","description":"La dissolution et liquidation d'une entreprise implique des d\u00e9cisions cruciales et des \u00e9tapes sp\u00e9cifiques \u00e0 suivre.","breadcrumb":{"@id":"https:\/\/jeliquidemaboite.com\/index.php\/le-guide-de-la-liquidation-dissolution\/#breadcrumb"},"inLanguage":"fr-FR","potentialAction":[{"@type":"ReadAction","target":["https:\/\/jeliquidemaboite.com\/index.php\/le-guide-de-la-liquidation-dissolution\/"]}]},{"@type":"ImageObject","inLanguage":"fr-FR","@id":"https:\/\/jeliquidemaboite.com\/index.php\/le-guide-de-la-liquidation-dissolution\/#primaryimage","url":"https:\/\/jeliquidemaboite.com\/wp-content\/uploads\/2023\/12\/colibri-image-31.png","contentUrl":"https:\/\/jeliquidemaboite.com\/wp-content\/uploads\/2023\/12\/colibri-image-31.png","width":1920,"height":1280},{"@type":"BreadcrumbList","@id":"https:\/\/jeliquidemaboite.com\/index.php\/le-guide-de-la-liquidation-dissolution\/#breadcrumb","itemListElement":[{"@type":"ListItem","position":1,"name":"Accueil","item":"https:\/\/jeliquidemaboite.com\/"},{"@type":"ListItem","position":2,"name":"Le guide de la Liquidation \/ Dissolution"}]},{"@type":"WebSite","@id":"https:\/\/jeliquidemaboite.com\/#website","url":"https:\/\/jeliquidemaboite.com\/","name":"JeLiquideMaBoite.com","description":"Fermer une entreprise : les documents comptables en 5 jours\u2009!","potentialAction":[{"@type":"SearchAction","target":{"@type":"EntryPoint","urlTemplate":"https:\/\/jeliquidemaboite.com\/?s={search_term_string}"},"query-input":{"@type":"PropertyValueSpecification","valueRequired":true,"valueName":"search_term_string"}}],"inLanguage":"fr-FR"}]}},"_links":{"self":[{"href":"https:\/\/jeliquidemaboite.com\/index.php\/wp-json\/wp\/v2\/pages\/299","targetHints":{"allow":["GET"]}}],"collection":[{"href":"https:\/\/jeliquidemaboite.com\/index.php\/wp-json\/wp\/v2\/pages"}],"about":[{"href":"https:\/\/jeliquidemaboite.com\/index.php\/wp-json\/wp\/v2\/types\/page"}],"author":[{"embeddable":true,"href":"https:\/\/jeliquidemaboite.com\/index.php\/wp-json\/wp\/v2\/users\/1"}],"replies":[{"embeddable":true,"href":"https:\/\/jeliquidemaboite.com\/index.php\/wp-json\/wp\/v2\/comments?post=299"}],"version-history":[{"count":3,"href":"https:\/\/jeliquidemaboite.com\/index.php\/wp-json\/wp\/v2\/pages\/299\/revisions"}],"predecessor-version":[{"id":403,"href":"https:\/\/jeliquidemaboite.com\/index.php\/wp-json\/wp\/v2\/pages\/299\/revisions\/403"}],"wp:featuredmedia":[{"embeddable":true,"href":"https:\/\/jeliquidemaboite.com\/index.php\/wp-json\/wp\/v2\/media\/53"}],"wp:attachment":[{"href":"https:\/\/jeliquidemaboite.com\/index.php\/wp-json\/wp\/v2\/media?parent=299"}],"curies":[{"name":"wp","href":"https:\/\/api.w.org\/{rel}","templated":true}]}}